{"id":1275,"date":"2022-06-22T13:59:57","date_gmt":"2022-06-22T18:59:57","guid":{"rendered":"https:\/\/web.teclemas.edu.ec\/?page_id=1275"},"modified":"2025-10-24T12:16:46","modified_gmt":"2025-10-24T17:16:46","slug":"directivos","status":"publish","type":"page","link":"https:\/\/www.teclemas.edu.ec\/inicio\/directivos\/","title":{"rendered":"Directivos"},"content":{"rendered":"\t\t<div data-elementor-type=\"wp-page\" data-elementor-id=\"1275\" class=\"elementor elementor-1275\" data-elementor-post-type=\"page\">\n\t\t\t\t\t\t<section class=\"elementor-section elementor-top-section elementor-element elementor-element-879b517 elementor-section-stretched elementor-section-boxed elementor-section-height-default elementor-section-height-default\" data-id=\"879b517\" data-element_type=\"section\" data-e-type=\"section\" data-settings=\"{&quot;background_background&quot;:&quot;classic&quot;,&quot;stretch_section&quot;:&quot;section-stretched&quot;}\">\n\t\t\t\t\t\t\t<div class=\"elementor-background-overlay\"><\/div>\n\t\t\t\t\t\t\t<div class=\"elementor-container elementor-column-gap-default\">\n\t\t\t\t\t<div class=\"elementor-column elementor-col-50 elementor-top-column elementor-element elementor-element-29d25154\" data-id=\"29d25154\" data-element_type=\"column\" data-e-type=\"column\" data-settings=\"{&quot;background_background&quot;:&quot;classic&quot;}\">\n\t\t\t<div class=\"elementor-widget-wrap elementor-element-populated\">\n\t\t\t\t\t\t<div class=\"elementor-element elementor-element-140fe89f elementor-widget elementor-widget-heading\" data-id=\"140fe89f\" data-element_type=\"widget\" data-e-type=\"widget\" data-widget_type=\"heading.default\">\n\t\t\t\t<div class=\"elementor-widget-container\">\n\t\t\t\t\t<h1 class=\"elementor-heading-title elementor-size-default\">Directivos<\/h1>\t\t\t\t<\/div>\n\t\t\t\t<\/div>\n\t\t\t\t<div class=\"elementor-element elementor-element-10e709bc elementor-view-default elementor-widget elementor-widget-icon\" data-id=\"10e709bc\" data-element_type=\"widget\" data-e-type=\"widget\" data-widget_type=\"icon.default\">\n\t\t\t\t<div class=\"elementor-widget-container\">\n\t\t\t\t\t\t\t<div class=\"elementor-icon-wrapper\">\n\t\t\t<div class=\"elementor-icon\">\n\t\t\t<i aria-hidden=\"true\" class=\"fas fa-caret-down\"><\/i>\t\t\t<\/div>\n\t\t<\/div>\n\t\t\t\t\t\t<\/div>\n\t\t\t\t<\/div>\n\t\t\t\t\t<\/div>\n\t\t<\/div>\n\t\t\t\t<div class=\"elementor-column elementor-col-50 elementor-top-column elementor-element elementor-element-1e1f8e2d\" data-id=\"1e1f8e2d\" data-element_type=\"column\" data-e-type=\"column\">\n\t\t\t<div class=\"elementor-widget-wrap\">\n\t\t\t\t\t\t\t<\/div>\n\t\t<\/div>\n\t\t\t\t\t<\/div>\n\t\t<\/section>\n\t\t\t\t<section class=\"elementor-section elementor-top-section elementor-element elementor-element-3dfca39e elementor-section-boxed elementor-section-height-default elementor-section-height-default\" data-id=\"3dfca39e\" data-element_type=\"section\" data-e-type=\"section\">\n\t\t\t\t\t\t<div class=\"elementor-container elementor-column-gap-default\">\n\t\t\t\t\t<div class=\"elementor-column elementor-col-100 elementor-top-column elementor-element elementor-element-1682089b\" data-id=\"1682089b\" data-element_type=\"column\" data-e-type=\"column\">\n\t\t\t<div class=\"elementor-widget-wrap elementor-element-populated\">\n\t\t\t\t\t\t<div class=\"elementor-element elementor-element-33ba8f75 elementor-widget elementor-widget-scp_teachers\" data-id=\"33ba8f75\" data-element_type=\"widget\" data-e-type=\"widget\" data-widget_type=\"scp_teachers.default\">\n\t\t\t\t<div class=\"elementor-widget-container\">\n\t\t\t\t\t\t\t<div class=\"vc_row scp-teachers scp-teachers-3 \">\n\t\t\t\t\t\t\t<div class=\"teacher one third wh-padding\">\n\t\t\t\t\t<div class=\"thumbnail\">\n\t\t\t\t\t\t<a href=\"https:\/\/www.teclemas.edu.ec\/inicio\/teachers\/victor-hugo-calderon-morales\/\" title=\"Ing. V\u00edctor Hugo Calder\u00f3n Morales, Mgtr\"><img fetchpriority=\"high\" decoding=\"async\" width=\"500\" height=\"500\" src=\"https:\/\/www.teclemas.edu.ec\/inicio\/wp-content\/uploads\/2022\/06\/vcalderon.png\" class=\"attachment- size- wp-post-image\" alt=\"\" srcset=\"https:\/\/www.teclemas.edu.ec\/inicio\/wp-content\/uploads\/2022\/06\/vcalderon.png 500w, https:\/\/www.teclemas.edu.ec\/inicio\/wp-content\/uploads\/2022\/06\/vcalderon-150x150.png 150w\" sizes=\"(max-width: 500px) 100vw, 500px\" \/><\/a>\t\t\t\t\t<\/div>\n\t\t\t\t\t<div class=\"item\">\n\t\t\t\t\t\t<h5 class=\"entry-title\"><a\n\t\t\t\t\t\t\t\thref=\"https:\/\/www.teclemas.edu.ec\/inicio\/teachers\/victor-hugo-calderon-morales\/\">Ing. V\u00edctor Hugo Calder\u00f3n Morales, Mgtr<\/a>\n\t\t\t\t\t\t<\/h5>\n\t\t\t\t\t\t\t\t\t\t\t\t\t\t\t\t\t\t\t<h6 class=\"job-title\">Rector<\/h6>\n\t\t\t\t\t\t\t\t\t\t\t\t\t\t\t\t\t\t\t\t\t\t\t\t\t<div class=\"summary\"><p>\n  <a href=\"https:\/\/www.linkedin.com\/in\/victor-hugo-calderon-morales-9810702b\/\" target=\"_blank\" style=\"text-decoration:none;color:#0077b5\"><br \/>\n    <i class=\"fab fa-linkedin\" style=\"font-size:18px;color:#0077b5;margin-right:5px\"><\/i> LinkedIn - Victor Hugo Calder\u00f3n Morales <\/a><\/p>\n<\/div>\n\t\t\t\t\t\t\n\t\t\t\t\t\t\t\t\t\t\t\t\t\t\t\t\t\t\t<div class=\"social\">\n\t\t\t\t\t\t\t\t<div class=\"text\">Meet me on<\/div>\n\t\t\t\t\t\t\t\t\t\t\t\t\t\t\t\t\t<a href=\"\">\n\t\t\t\t\t\t\t\t\t\t<i class=\"\"><\/i>\n\t\t\t\t\t\t\t\t\t<\/a>\n\t\t\t\t\t\t\t\t\t\t\t\t\t\t\t<\/div>\n\t\t\t\t\t\t\t\t\t\t\t<\/div>\n\t\t\t\t<\/div>\n\t\t\t\t\t\t\t<div class=\"teacher one third wh-padding\">\n\t\t\t\t\t<div class=\"thumbnail\">\n\t\t\t\t\t\t<a href=\"https:\/\/www.teclemas.edu.ec\/inicio\/teachers\/luz-marina-ronquillo-alvarez\/\" title=\"Lic. Luz Marina Ronquillo \u00c1lvarez, Mgtr\"><img decoding=\"async\" width=\"2560\" height=\"2560\" src=\"https:\/\/www.teclemas.edu.ec\/inicio\/wp-content\/uploads\/2023\/05\/Vicerrectora-web-scaled.png\" class=\"attachment- size- wp-post-image\" alt=\"\" srcset=\"https:\/\/www.teclemas.edu.ec\/inicio\/wp-content\/uploads\/2023\/05\/Vicerrectora-web-scaled.png 2560w, https:\/\/www.teclemas.edu.ec\/inicio\/wp-content\/uploads\/2023\/05\/Vicerrectora-web-300x300.png 300w, https:\/\/www.teclemas.edu.ec\/inicio\/wp-content\/uploads\/2023\/05\/Vicerrectora-web-1024x1024.png 1024w, https:\/\/www.teclemas.edu.ec\/inicio\/wp-content\/uploads\/2023\/05\/Vicerrectora-web-150x150.png 150w, https:\/\/www.teclemas.edu.ec\/inicio\/wp-content\/uploads\/2023\/05\/Vicerrectora-web-768x768.png 768w, https:\/\/www.teclemas.edu.ec\/inicio\/wp-content\/uploads\/2023\/05\/Vicerrectora-web-1536x1536.png 1536w, https:\/\/www.teclemas.edu.ec\/inicio\/wp-content\/uploads\/2023\/05\/Vicerrectora-web-2048x2048.png 2048w, https:\/\/www.teclemas.edu.ec\/inicio\/wp-content\/uploads\/2023\/05\/Vicerrectora-web-420x420.png 420w\" sizes=\"(max-width: 2560px) 100vw, 2560px\" \/><\/a>\t\t\t\t\t<\/div>\n\t\t\t\t\t<div class=\"item\">\n\t\t\t\t\t\t<h5 class=\"entry-title\"><a\n\t\t\t\t\t\t\t\thref=\"https:\/\/www.teclemas.edu.ec\/inicio\/teachers\/luz-marina-ronquillo-alvarez\/\">Lic. Luz Marina Ronquillo \u00c1lvarez, Mgtr<\/a>\n\t\t\t\t\t\t<\/h5>\n\t\t\t\t\t\t\t\t\t\t\t\t\t\t\t\t\t\t\t<h6 class=\"job-title\">Vicerrectora<\/h6>\n\t\t\t\t\t\t\t\t\t\t\t\t\t\t\t\t\t\t\t\t\t\t\t\t\t<div class=\"summary\"><p>\n  <a href=\"https:\/\/www.linkedin.com\/in\/luz-ronquillo-alvarez-46495086\/\" target=\"_blank\" style=\"text-decoration:none;color:#0077b5\"><br \/>\n    <i class=\"fab fa-linkedin\" style=\"font-size:18px;color:#0077b5;margin-right:5px\"><\/i> LinkedIn - Luz Ronquillo \u00c1lvarez <\/a><\/p>\n<\/div>\n\t\t\t\t\t\t\n\t\t\t\t\t\t\t\t\t\t\t\t\t\t\t\t\t\t\t<div class=\"social\">\n\t\t\t\t\t\t\t\t<div class=\"text\">Meet me on<\/div>\n\t\t\t\t\t\t\t\t\t\t\t\t\t\t\t\t\t<a href=\"https:\/\/www.linkedin.com\/in\/luz-ronquillo-alvarez-46495086\/\">\n\t\t\t\t\t\t\t\t\t\t<i class=\"fa-fa-linkedin\"><\/i>\n\t\t\t\t\t\t\t\t\t<\/a>\n\t\t\t\t\t\t\t\t\t\t\t\t\t\t\t<\/div>\n\t\t\t\t\t\t\t\t\t\t\t<\/div>\n\t\t\t\t<\/div>\n\t\t\t\t\t\t\t<div class=\"teacher one third wh-padding\">\n\t\t\t\t\t<div class=\"thumbnail\">\n\t\t\t\t\t\t<a href=\"https:\/\/www.teclemas.edu.ec\/inicio\/teachers\/evelyn-johanna-silva-perez\/\" title=\"Ing. Evelyn Johanna Silva P\u00e9rez, Msc\"><img decoding=\"async\" width=\"680\" height=\"680\" src=\"https:\/\/www.teclemas.edu.ec\/inicio\/wp-content\/uploads\/2024\/06\/Evelyn-Johana-Silva-Perez.jpg\" class=\"attachment- size- wp-post-image\" alt=\"\" srcset=\"https:\/\/www.teclemas.edu.ec\/inicio\/wp-content\/uploads\/2024\/06\/Evelyn-Johana-Silva-Perez.jpg 680w, https:\/\/www.teclemas.edu.ec\/inicio\/wp-content\/uploads\/2024\/06\/Evelyn-Johana-Silva-Perez-150x150.jpg 150w, https:\/\/www.teclemas.edu.ec\/inicio\/wp-content\/uploads\/2024\/06\/Evelyn-Johana-Silva-Perez-300x300.jpg 300w\" sizes=\"(max-width: 680px) 100vw, 680px\" \/><\/a>\t\t\t\t\t<\/div>\n\t\t\t\t\t<div class=\"item\">\n\t\t\t\t\t\t<h5 class=\"entry-title\"><a\n\t\t\t\t\t\t\t\thref=\"https:\/\/www.teclemas.edu.ec\/inicio\/teachers\/evelyn-johanna-silva-perez\/\">Ing. Evelyn Johanna Silva P\u00e9rez, Msc<\/a>\n\t\t\t\t\t\t<\/h5>\n\t\t\t\t\t\t\t\t\t\t\t\t\t\t\t\t\t\t\t<h6 class=\"job-title\">Directora de Funciones Sustantivas<\/h6>\n\t\t\t\t\t\t\t\t\t\t\t\t\t\t\t\t\t\t\t\t\t\t\t\t\t<div class=\"summary\"><p>\n  <a href=\"https:\/\/www.linkedin.com\/in\/evelyn-silva-p%C3%A9rez-862934117\/\" target=\"_blank\" style=\"text-decoration:none;color:#0077b5\"><br \/>\n    <i class=\"fab fa-linkedin\" style=\"font-size:18px;color:#0077b5;margin-right:5px\"><\/i> LinkedIn - Evelyn Silva <\/a><\/p>\n<\/div>\n\t\t\t\t\t\t\n\t\t\t\t\t\t\t\t\t\t\t\t\t\t\t\t\t<\/div>\n\t\t\t\t<\/div>\n\t\t\t\t\t\t\t<div class=\"teacher one third wh-padding\">\n\t\t\t\t\t<div class=\"thumbnail\">\n\t\t\t\t\t\t<a href=\"https:\/\/www.teclemas.edu.ec\/inicio\/teachers\/carlos-andres-calderon-alvarez\/\" title=\"MBA. Carlos Andr\u00e9s Calder\u00f3n \u00c1lvarez, MSc\"><img loading=\"lazy\" decoding=\"async\" width=\"768\" height=\"768\" src=\"https:\/\/www.teclemas.edu.ec\/inicio\/wp-content\/uploads\/2022\/06\/dgeneral-1.png\" class=\"attachment- size- wp-post-image\" alt=\"\" srcset=\"https:\/\/www.teclemas.edu.ec\/inicio\/wp-content\/uploads\/2022\/06\/dgeneral-1.png 768w, https:\/\/www.teclemas.edu.ec\/inicio\/wp-content\/uploads\/2022\/06\/dgeneral-1-150x150.png 150w, https:\/\/www.teclemas.edu.ec\/inicio\/wp-content\/uploads\/2022\/06\/dgeneral-1-300x300.png 300w\" sizes=\"(max-width: 768px) 100vw, 768px\" \/><\/a>\t\t\t\t\t<\/div>\n\t\t\t\t\t<div class=\"item\">\n\t\t\t\t\t\t<h5 class=\"entry-title\"><a\n\t\t\t\t\t\t\t\thref=\"https:\/\/www.teclemas.edu.ec\/inicio\/teachers\/carlos-andres-calderon-alvarez\/\">MBA. Carlos Andr\u00e9s Calder\u00f3n \u00c1lvarez, MSc<\/a>\n\t\t\t\t\t\t<\/h5>\n\t\t\t\t\t\t\t\t\t\t\t\t\t\t\t\t\t\t\t<h6 class=\"job-title\">Director Administrativo Financiero<\/h6>\n\t\t\t\t\t\t\t\t\t\t\t\t\t\t\t\t\t\t\t\t\t\t\t\t\t<div class=\"summary\"><p>\n  <a href=\"https:\/\/www.linkedin.com\/in\/calderoncarlos\/\" target=\"_blank\" style=\"text-decoration:none;color:#0077b5\"><br \/>\n    <i class=\"fab fa-linkedin\" style=\"font-size:18px;color:#0077b5;margin-right:5px\"><\/i> LinkedIn - Calder\u00f3n Carlos <\/a><\/p>\n<\/div>\n\t\t\t\t\t\t\n\t\t\t\t\t\t\t\t\t\t\t\t\t\t\t\t\t<\/div>\n\t\t\t\t<\/div>\n\t\t\t\t\t<\/div>\n\t\t\t\t\t\t<\/div>\n\t\t\t\t<\/div>\n\t\t\t\t\t<\/div>\n\t\t<\/div>\n\t\t\t\t\t<\/div>\n\t\t<\/section>\n\t\t\t\t<\/div>\n\t\t","protected":false},"excerpt":{"rendered":"<p>Directivos Ing. V\u00edctor Hugo Calder\u00f3n Morales Rector LinkedIn &#8211; Victor Hugo Calder\u00f3n Morales Meet me on Luz Marina Ronquillo \u00c1lvarez Vicerrectora LinkedIn &#8211; Luz Ronquillo&nbsp;<a href=\"https:\/\/www.teclemas.edu.ec\/inicio\/directivos\/\">&hellip;<\/a><\/p>\n","protected":false},"author":4,"featured_media":0,"parent":0,"menu_order":0,"comment_status":"closed","ping_status":"closed","template":"template-fullwidth-no-title.php","meta":{"footnotes":""},"class_list":["post-1275","page","type-page","status-publish","hentry","odd"],"_links":{"self":[{"href":"https:\/\/www.teclemas.edu.ec\/inicio\/wp-json\/wp\/v2\/pages\/1275","targetHints":{"allow":["GET"]}}],"collection":[{"href":"https:\/\/www.teclemas.edu.ec\/inicio\/wp-json\/wp\/v2\/pages"}],"about":[{"href":"https:\/\/www.teclemas.edu.ec\/inicio\/wp-json\/wp\/v2\/types\/page"}],"author":[{"embeddable":true,"href":"https:\/\/www.teclemas.edu.ec\/inicio\/wp-json\/wp\/v2\/users\/4"}],"replies":[{"embeddable":true,"href":"https:\/\/www.teclemas.edu.ec\/inicio\/wp-json\/wp\/v2\/comments?post=1275"}],"version-history":[{"count":7,"href":"https:\/\/www.teclemas.edu.ec\/inicio\/wp-json\/wp\/v2\/pages\/1275\/revisions"}],"predecessor-version":[{"id":6650,"href":"https:\/\/www.teclemas.edu.ec\/inicio\/wp-json\/wp\/v2\/pages\/1275\/revisions\/6650"}],"wp:attachment":[{"href":"https:\/\/www.teclemas.edu.ec\/inicio\/wp-json\/wp\/v2\/media?parent=1275"}],"curies":[{"name":"wp","href":"https:\/\/api.w.org\/{rel}","templated":true}]}}