{"id":6651,"date":"2025-10-24T12:19:31","date_gmt":"2025-10-24T17:19:31","guid":{"rendered":"https:\/\/www.teclemas.edu.ec\/inicio\/?page_id=6651"},"modified":"2025-10-24T12:23:04","modified_gmt":"2025-10-24T17:23:04","slug":"coordinadores-de-carrera","status":"publish","type":"page","link":"https:\/\/www.teclemas.edu.ec\/inicio\/coordinadores-de-carrera\/","title":{"rendered":"Coordinadores de Carrera"},"content":{"rendered":"\t\t<div data-elementor-type=\"wp-page\" data-elementor-id=\"6651\" class=\"elementor elementor-6651\" data-elementor-post-type=\"page\">\n\t\t\t\t\t\t<section class=\"elementor-section elementor-top-section elementor-element elementor-element-879b517 elementor-section-stretched elementor-section-boxed elementor-section-height-default elementor-section-height-default\" data-id=\"879b517\" data-element_type=\"section\" data-e-type=\"section\" data-settings=\"{&quot;background_background&quot;:&quot;classic&quot;,&quot;stretch_section&quot;:&quot;section-stretched&quot;}\">\n\t\t\t\t\t\t\t<div class=\"elementor-background-overlay\"><\/div>\n\t\t\t\t\t\t\t<div class=\"elementor-container elementor-column-gap-default\">\n\t\t\t\t\t<div class=\"elementor-column elementor-col-50 elementor-top-column elementor-element elementor-element-29d25154\" data-id=\"29d25154\" data-element_type=\"column\" data-e-type=\"column\" data-settings=\"{&quot;background_background&quot;:&quot;classic&quot;}\">\n\t\t\t<div class=\"elementor-widget-wrap elementor-element-populated\">\n\t\t\t\t\t\t<div class=\"elementor-element elementor-element-140fe89f elementor-widget elementor-widget-heading\" data-id=\"140fe89f\" data-element_type=\"widget\" data-e-type=\"widget\" data-widget_type=\"heading.default\">\n\t\t\t\t<div class=\"elementor-widget-container\">\n\t\t\t\t\t<h1 class=\"elementor-heading-title elementor-size-default\">Coordinadores de Carrera<\/h1>\t\t\t\t<\/div>\n\t\t\t\t<\/div>\n\t\t\t\t<div class=\"elementor-element elementor-element-10e709bc elementor-view-default elementor-widget elementor-widget-icon\" data-id=\"10e709bc\" data-element_type=\"widget\" data-e-type=\"widget\" data-widget_type=\"icon.default\">\n\t\t\t\t<div class=\"elementor-widget-container\">\n\t\t\t\t\t\t\t<div class=\"elementor-icon-wrapper\">\n\t\t\t<div class=\"elementor-icon\">\n\t\t\t<i aria-hidden=\"true\" class=\"fas fa-caret-down\"><\/i>\t\t\t<\/div>\n\t\t<\/div>\n\t\t\t\t\t\t<\/div>\n\t\t\t\t<\/div>\n\t\t\t\t\t<\/div>\n\t\t<\/div>\n\t\t\t\t<div class=\"elementor-column elementor-col-50 elementor-top-column elementor-element elementor-element-1e1f8e2d\" data-id=\"1e1f8e2d\" data-element_type=\"column\" data-e-type=\"column\">\n\t\t\t<div class=\"elementor-widget-wrap\">\n\t\t\t\t\t\t\t<\/div>\n\t\t<\/div>\n\t\t\t\t\t<\/div>\n\t\t<\/section>\n\t\t\t\t<section class=\"elementor-section elementor-top-section elementor-element elementor-element-3dfca39e elementor-section-boxed elementor-section-height-default elementor-section-height-default\" data-id=\"3dfca39e\" data-element_type=\"section\" data-e-type=\"section\">\n\t\t\t\t\t\t<div class=\"elementor-container elementor-column-gap-default\">\n\t\t\t\t\t<div class=\"elementor-column elementor-col-100 elementor-top-column elementor-element elementor-element-1682089b\" data-id=\"1682089b\" data-element_type=\"column\" data-e-type=\"column\">\n\t\t\t<div class=\"elementor-widget-wrap elementor-element-populated\">\n\t\t\t\t\t\t<div class=\"elementor-element elementor-element-33ba8f75 elementor-widget elementor-widget-scp_teachers\" data-id=\"33ba8f75\" data-element_type=\"widget\" data-e-type=\"widget\" data-widget_type=\"scp_teachers.default\">\n\t\t\t\t<div class=\"elementor-widget-container\">\n\t\t\t\t\t\t\t<div class=\"vc_row scp-teachers scp-teachers-3 \">\n\t\t\t\t\t\t\t<div class=\"teacher one third wh-padding\">\n\t\t\t\t\t<div class=\"thumbnail\">\n\t\t\t\t\t\t<a href=\"https:\/\/www.teclemas.edu.ec\/inicio\/teachers\/ing-kevin-cruz-pazmino-msc\/\" title=\"Ing. Kevin Cruz Pazmi\u00f1o, MSc\"><img fetchpriority=\"high\" decoding=\"async\" width=\"2560\" height=\"2560\" src=\"https:\/\/www.teclemas.edu.ec\/inicio\/wp-content\/uploads\/2025\/11\/2-web-scaled.png\" class=\"attachment- size- wp-post-image\" alt=\"\" srcset=\"https:\/\/www.teclemas.edu.ec\/inicio\/wp-content\/uploads\/2025\/11\/2-web-scaled.png 2560w, https:\/\/www.teclemas.edu.ec\/inicio\/wp-content\/uploads\/2025\/11\/2-web-300x300.png 300w, https:\/\/www.teclemas.edu.ec\/inicio\/wp-content\/uploads\/2025\/11\/2-web-1024x1024.png 1024w, https:\/\/www.teclemas.edu.ec\/inicio\/wp-content\/uploads\/2025\/11\/2-web-150x150.png 150w, https:\/\/www.teclemas.edu.ec\/inicio\/wp-content\/uploads\/2025\/11\/2-web-768x768.png 768w, https:\/\/www.teclemas.edu.ec\/inicio\/wp-content\/uploads\/2025\/11\/2-web-1536x1536.png 1536w, https:\/\/www.teclemas.edu.ec\/inicio\/wp-content\/uploads\/2025\/11\/2-web-2048x2048.png 2048w, https:\/\/www.teclemas.edu.ec\/inicio\/wp-content\/uploads\/2025\/11\/2-web-420x420.png 420w\" sizes=\"(max-width: 2560px) 100vw, 2560px\" \/><\/a>\t\t\t\t\t<\/div>\n\t\t\t\t\t<div class=\"item\">\n\t\t\t\t\t\t<h5 class=\"entry-title\"><a\n\t\t\t\t\t\t\t\thref=\"https:\/\/www.teclemas.edu.ec\/inicio\/teachers\/ing-kevin-cruz-pazmino-msc\/\">Ing. Kevin Cruz Pazmi\u00f1o, MSc<\/a>\n\t\t\t\t\t\t<\/h5>\n\t\t\t\t\t\t\t\t\t\t\t\t\t\t\t\t\t\t\t<h6 class=\"job-title\">Coordinaci\u00f3n de Desarrollo de Software<\/h6>\n\t\t\t\t\t\t\t\t\t\t\t\t\t\t\t\t\t\t\t\t\t\t\t\t\t<div class=\"summary\"><p>\n  <a href=\"https:\/\/www.linkedin.com\/in\/kevincruzp\/\" target=\"_blank\" style=\"text-decoration:none;color:#0077b5\"><br \/>\n    <i class=\"fab fa-linkedin\" style=\"font-size:18px;color:#0077b5;margin-right:5px\"><\/i> LinkedIn - Kevin Cruz Pazmi\u00f1o <\/a><\/p>\n<\/div>\n\t\t\t\t\t\t\n\t\t\t\t\t\t\t\t\t\t\t\t\t\t\t\t\t<\/div>\n\t\t\t\t<\/div>\n\t\t\t\t\t\t\t<div class=\"teacher one third wh-padding\">\n\t\t\t\t\t<div class=\"thumbnail\">\n\t\t\t\t\t\t<a href=\"https:\/\/www.teclemas.edu.ec\/inicio\/teachers\/econ-jonathan-quiroz-moncerrad-msc\/\" title=\"Econ. Jonathan Quiroz Moncerrad, MSc\"><img decoding=\"async\" width=\"2560\" height=\"2560\" src=\"https:\/\/www.teclemas.edu.ec\/inicio\/wp-content\/uploads\/2025\/11\/Alfonso-web-scaled.png\" class=\"attachment- size- wp-post-image\" alt=\"\" srcset=\"https:\/\/www.teclemas.edu.ec\/inicio\/wp-content\/uploads\/2025\/11\/Alfonso-web-scaled.png 2560w, https:\/\/www.teclemas.edu.ec\/inicio\/wp-content\/uploads\/2025\/11\/Alfonso-web-300x300.png 300w, https:\/\/www.teclemas.edu.ec\/inicio\/wp-content\/uploads\/2025\/11\/Alfonso-web-1024x1024.png 1024w, https:\/\/www.teclemas.edu.ec\/inicio\/wp-content\/uploads\/2025\/11\/Alfonso-web-150x150.png 150w, https:\/\/www.teclemas.edu.ec\/inicio\/wp-content\/uploads\/2025\/11\/Alfonso-web-768x768.png 768w, https:\/\/www.teclemas.edu.ec\/inicio\/wp-content\/uploads\/2025\/11\/Alfonso-web-1536x1536.png 1536w, https:\/\/www.teclemas.edu.ec\/inicio\/wp-content\/uploads\/2025\/11\/Alfonso-web-2048x2048.png 2048w, https:\/\/www.teclemas.edu.ec\/inicio\/wp-content\/uploads\/2025\/11\/Alfonso-web-420x420.png 420w\" sizes=\"(max-width: 2560px) 100vw, 2560px\" \/><\/a>\t\t\t\t\t<\/div>\n\t\t\t\t\t<div class=\"item\">\n\t\t\t\t\t\t<h5 class=\"entry-title\"><a\n\t\t\t\t\t\t\t\thref=\"https:\/\/www.teclemas.edu.ec\/inicio\/teachers\/econ-jonathan-quiroz-moncerrad-msc\/\">Econ. Jonathan Quiroz Moncerrad, MSc<\/a>\n\t\t\t\t\t\t<\/h5>\n\t\t\t\t\t\t\t\t\t\t\t\t\t\t\t\t\t\t\t<h6 class=\"job-title\">Coordinaci\u00f3n de Administraci\u00f3n Financiera y Marketing<\/h6>\n\t\t\t\t\t\t\t\t\t\t\t\t\t\t\t\t\t\t\t\t\t\t\t\t\t<div class=\"summary\"><p>\n  <a href=\"https:\/\/www.linkedin.com\/in\/jonathan-quiroz-moncerrad-41388a320\/\" target=\"_blank\" style=\"text-decoration:none;color:#0077b5\"><br \/>\n    <i class=\"fab fa-linkedin\" style=\"font-size:18px;color:#0077b5;margin-right:5px\"><\/i> LinkedIn - Jonathan Quiroz Moncerrad <\/a><\/p>\n<\/div>\n\t\t\t\t\t\t\n\t\t\t\t\t\t\t\t\t\t\t\t\t\t\t\t\t<\/div>\n\t\t\t\t<\/div>\n\t\t\t\t\t\t\t<div class=\"teacher one third wh-padding\">\n\t\t\t\t\t<div class=\"thumbnail\">\n\t\t\t\t\t\t<a href=\"https:\/\/www.teclemas.edu.ec\/inicio\/teachers\/andrea-m-guachamboza-ramirez-copy\/\" title=\"Psi. Andrea M. Guachamboza Ram\u00edrez, Mgtr\"><img decoding=\"async\" width=\"680\" height=\"680\" src=\"https:\/\/www.teclemas.edu.ec\/inicio\/wp-content\/uploads\/2025\/09\/9.png\" class=\"attachment- size- wp-post-image\" alt=\"\" srcset=\"https:\/\/www.teclemas.edu.ec\/inicio\/wp-content\/uploads\/2025\/09\/9.png 680w, https:\/\/www.teclemas.edu.ec\/inicio\/wp-content\/uploads\/2025\/09\/9-300x300.png 300w, https:\/\/www.teclemas.edu.ec\/inicio\/wp-content\/uploads\/2025\/09\/9-150x150.png 150w, https:\/\/www.teclemas.edu.ec\/inicio\/wp-content\/uploads\/2025\/09\/9-420x420.png 420w\" sizes=\"(max-width: 680px) 100vw, 680px\" \/><\/a>\t\t\t\t\t<\/div>\n\t\t\t\t\t<div class=\"item\">\n\t\t\t\t\t\t<h5 class=\"entry-title\"><a\n\t\t\t\t\t\t\t\thref=\"https:\/\/www.teclemas.edu.ec\/inicio\/teachers\/andrea-m-guachamboza-ramirez-copy\/\">Psi. Andrea M. Guachamboza Ram\u00edrez, Mgtr<\/a>\n\t\t\t\t\t\t<\/h5>\n\t\t\t\t\t\t\t\t\t\t\t\t\t\t\t\t\t\t\t<h6 class=\"job-title\">Coordinaci\u00f3n de Neuroeducaci\u00f3n<\/h6>\n\t\t\t\t\t\t\t\t\t\t\t\t\t\t\t\t\t\t\t\t\t\t\t\t\t<div class=\"summary\"><p>\n  <a href=\"https:\/\/www.linkedin.com\/in\/andrea-guachamboza-50b425151\/\" target=\"_blank\" style=\"text-decoration:none;color:#0077b5\"><br \/>\n    <i class=\"fab fa-linkedin\" style=\"font-size:18px;color:#0077b5;margin-right:5px\"><\/i> LinkedIn - Andrea Guachamboza <\/a><\/p>\n<\/div>\n\t\t\t\t\t\t\n\t\t\t\t\t\t\t\t\t\t\t\t\t\t\t\t\t<\/div>\n\t\t\t\t<\/div>\n\t\t\t\t\t<\/div>\n\t\t\t\t\t\t<\/div>\n\t\t\t\t<\/div>\n\t\t\t\t\t<\/div>\n\t\t<\/div>\n\t\t\t\t\t<\/div>\n\t\t<\/section>\n\t\t\t\t<\/div>\n\t\t","protected":false},"excerpt":{"rendered":"<p>Coordinadores de Carrera Psi. Andrea M. Guachamboza Ram\u00edrez, Mgtr Coordinaci\u00f3n de Neuroeducaci\u00f3n LinkedIn &#8211; Andrea Guachamboza<\/p>\n","protected":false},"author":5,"featured_media":0,"parent":0,"menu_order":0,"comment_status":"closed","ping_status":"closed","template":"template-fullwidth-no-title.php","meta":{"footnotes":""},"class_list":["post-6651","page","type-page","status-publish","hentry","odd"],"_links":{"self":[{"href":"https:\/\/www.teclemas.edu.ec\/inicio\/wp-json\/wp\/v2\/pages\/6651","targetHints":{"allow":["GET"]}}],"collection":[{"href":"https:\/\/www.teclemas.edu.ec\/inicio\/wp-json\/wp\/v2\/pages"}],"about":[{"href":"https:\/\/www.teclemas.edu.ec\/inicio\/wp-json\/wp\/v2\/types\/page"}],"author":[{"embeddable":true,"href":"https:\/\/www.teclemas.edu.ec\/inicio\/wp-json\/wp\/v2\/users\/5"}],"replies":[{"embeddable":true,"href":"https:\/\/www.teclemas.edu.ec\/inicio\/wp-json\/wp\/v2\/comments?post=6651"}],"version-history":[{"count":7,"href":"https:\/\/www.teclemas.edu.ec\/inicio\/wp-json\/wp\/v2\/pages\/6651\/revisions"}],"predecessor-version":[{"id":6660,"href":"https:\/\/www.teclemas.edu.ec\/inicio\/wp-json\/wp\/v2\/pages\/6651\/revisions\/6660"}],"wp:attachment":[{"href":"https:\/\/www.teclemas.edu.ec\/inicio\/wp-json\/wp\/v2\/media?parent=6651"}],"curies":[{"name":"wp","href":"https:\/\/api.w.org\/{rel}","templated":true}]}}